{"id":207,"date":"2016-08-19T10:45:10","date_gmt":"2016-08-19T08:45:10","guid":{"rendered":"http:\/\/www.detskecentrumroznava.sk\/gulicentrum\/?page_id=207"},"modified":"2016-08-19T10:48:51","modified_gmt":"2016-08-19T08:48:51","slug":"faq","status":"publish","type":"page","link":"https:\/\/www.detskecentrumroznava.sk\/detskecentrum\/faq\/","title":{"rendered":"FAQ"},"content":{"rendered":"<div id=\"faqconc_1_4_8\" class=\"faqconc\" role=\"tablist\" aria-multiselectable=\"true\"><div class=\"faq_item\" id=\"faq257\"><div class=\"faq_q\" id=\"faq257_q\" aria-selected=\"false\" aria-expanded=\"false\" aria-controls =\"faq257_a\" role=\"tab\" tabindex=\"-1\">N\u00e1jdem centrum otvoren\u00e9 po\u010das cel\u00e9ho d\u0148a?<\/div><div class=\"faq_a\" id=\"faq257_a\" aria-labelledby=\"faq257_q\" aria-hidden=\"true\" role=\"tabpanel\"><div class=\"faq_a_content\"><p>Centrum je otvoren\u00e9 10 hod\u00edn denne od 9.00 do 19.00 hod. Je pre V\u00e1s otvoren\u00e9 po\u010das obeda, po\u010das v\u00edkendov aj sviatkov. V detskom centre V\u00e1s v\u017edy milo priv\u00edta n\u00e1\u0161 person\u00e1l.<\/p>\n<\/div><\/div><\/div><div class=\"faq_item\" id=\"faq258\"><div class=\"faq_q\" id=\"faq258_q\" aria-selected=\"false\" aria-expanded=\"false\" aria-controls =\"faq258_a\" role=\"tab\" tabindex=\"-1\">M\u00f4\u017eem prinies\u0165 die\u0165a\u0165u drobn\u00e9 ob\u010derstvenie do herne v centre?<\/div><div class=\"faq_a\" id=\"faq258_a\" aria-labelledby=\"faq258_q\" aria-hidden=\"true\" role=\"tabpanel\"><div class=\"faq_a_content\"><p>Va\u0161e die\u0165a sa u n\u00e1s v detskom centre do s\u00fdtosti vyhr\u00e1 a vy\u0161ant\u00ed. Ver\u00edm, \u017ee po takom v\u00fdkone sa ur\u010dite ozve hlad aj sm\u00e4d. Budeme radi, ak vyu\u017eijete ponuku n\u00e1\u0161ho ob\u010derstvenia v kaviarni, kde n\u00e1jdete nie\u010do pod zub aj na pitie.\u00a0 Na ob\u010derstvenie je nutn\u00e9 v\u017edy vyu\u017ei\u0165 pon\u00fakan\u00fd sortiment a priestory kaviarne.<\/p>\n<\/div><\/div><\/div><div class=\"faq_item\" id=\"faq259\"><div class=\"faq_q\" id=\"faq259_q\" aria-selected=\"false\" aria-expanded=\"false\" aria-controls =\"faq259_a\" role=\"tab\" tabindex=\"-1\">M\u00f4\u017eeme si p\u00e1rty miestnos\u0165 pred oslavou vyzdobi\u0165?<\/div><div class=\"faq_a\" id=\"faq259_a\" aria-labelledby=\"faq259_q\" aria-hidden=\"true\" role=\"tabpanel\"><div class=\"faq_a_content\"><p>P\u00e1rty miestnos\u0165 V\u00e1m pon\u00fakame v r\u00e1mci bal\u00ed\u010dka\u00a0u\u017e vyzdoben\u00fa. V pr\u00edpade, \u017ee by ste mali \u0161peci\u00e1lne po\u017eiadavky na vyzdobenie, m\u00f4\u017eete to prebra\u0165 individu\u00e1lne.<\/p>\n<\/div><\/div><\/div><div class=\"faq_item\" id=\"faq260\"><div class=\"faq_q\" id=\"faq260_q\" aria-selected=\"false\" aria-expanded=\"false\" aria-controls =\"faq260_a\" role=\"tab\" tabindex=\"-1\">Ko\u013eko \u013eud\u00ed sa zmest\u00ed na oslavu v centre?<\/div><div class=\"faq_a\" id=\"faq260_a\" aria-labelledby=\"faq260_q\" aria-hidden=\"true\" role=\"tabpanel\"><div class=\"faq_a_content\"><p>Oslava v Detskom centre bude pre V\u00e1s a Va\u0161e die\u0165a nezabudnute\u013en\u00fdm z\u00e1\u017eitkom a preto ver\u00edme, \u017ee p\u00e1rty miestnos\u0165\u00a0v detskom centre\u00a0je dostato\u010dne ve\u013ek\u00e1 na to, aby sa do nej zmestili v\u0161etci \u013eudia, ktor\u00ed s\u00fa pre V\u00e1s d\u00f4le\u017eit\u00ed. Na\u0161e odpor\u00fa\u010danie je 16 det\u00ed, ale ak nepl\u00e1nujete ve\u013emi tancova\u0165, tak aj 20 :-).<\/p>\n<\/div><\/div><\/div><div class=\"faq_item\" id=\"faq261\"><div class=\"faq_q\" id=\"faq261_q\" aria-selected=\"false\" aria-expanded=\"false\" aria-controls =\"faq261_a\" role=\"tab\" tabindex=\"-1\">Je v p\u00e1rty miestnosti k dispoz\u00edcii aj chladni\u010dka?<\/div><div class=\"faq_a\" id=\"faq261_a\" aria-labelledby=\"faq261_q\" aria-hidden=\"true\" role=\"tabpanel\"><div class=\"faq_a_content\"><p>Pre Va\u0161u p\u00e1rty m\u00e1te k dispoz\u00edcii aj chladni\u010dku, kde V\u00e1m po dohode zabezpe\u010d\u00edme v\u0161etko k va\u0161ej spokojnosti.<\/p>\n<\/div><\/div><\/div><div class=\"faq_item\" id=\"faq262\"><div class=\"faq_q\" id=\"faq262_q\" aria-selected=\"false\" aria-expanded=\"false\" aria-controls =\"faq262_a\" role=\"tab\" tabindex=\"-1\">Vedeli by ste mi zabezpe\u010di\u0165 k oslave aj anima\u010dn\u00fd program? Napr. ma\u013eovanie na tv\u00e1r, \u0161a\u0161a, bublinov\u00fa show, alebo divadielko pre deti?<\/div><div class=\"faq_a\" id=\"faq262_a\" aria-labelledby=\"faq262_q\" aria-hidden=\"true\" role=\"tabpanel\"><div class=\"faq_a_content\"><p>Pon\u00fakame V\u00e1m tri bal\u00ed\u010dky pre narodeninov\u00e9 oslavy. S\u00fa zameran\u00e9 na v\u00fdber ob\u010derstvenia pre deti.\u00a0Anima\u010dn\u00fd program v nich zatia\u013e\u00a0nie je zahrnut\u00fd, ale pon\u00fakame V\u00e1m mo\u017enos\u0165\u00a0naplno vyu\u017ei\u0165 ve\u013ek\u00e9 interi\u00e9rov\u00e9\u00a0ihrisko a dos\u00fdta sa vy\u0161anti\u0165. V pr\u00edpade z\u00e1ujmu o anima\u010dn\u00fd program sa v\u0161ak vieme dohodn\u00fa\u0165 individu\u00e1lne.<\/p>\n<\/div><\/div><\/div><div class=\"faq_item\" id=\"faq266\"><div class=\"faq_q\" id=\"faq266_q\" aria-selected=\"false\" aria-expanded=\"false\" aria-controls =\"faq266_a\" role=\"tab\" tabindex=\"-1\">Radi by sme si na narodeninovej p\u00e1rty v centre p\u00fa\u0161\u0165ali hudbu. Je k dispoz\u00edcii hudobn\u00fd nosi\u010d alebo WIFI pripojenie?<\/div><div class=\"faq_a\" id=\"faq266_a\" aria-labelledby=\"faq266_q\" aria-hidden=\"true\" role=\"tabpanel\"><div class=\"faq_a_content\"><p>Hudba a oslava ur\u010dite patria k sebe.\u00a0 V cene pren\u00e1jmu\u00a0\u00a0m\u00e1te k dispoz\u00edcii CD prehr\u00e1va\u010d a nejak\u00e9 detsk\u00e9 CD. Ak m\u00e1te\u00a0svoje ob\u013e\u00faben\u00e9 skladby, CD-\u010dka si m\u00f4\u017eete prinies\u0165 vlastn\u00e9. Hudbu si m\u00f4\u017eete stiahnu\u0165 aj cez\u00a0free WIFI pripojenie, heslo V\u00e1m poskytneme.<\/p>\n<\/div><\/div><\/div><div class=\"faq_item\" id=\"faq210\"><div class=\"faq_q\" id=\"faq210_q\" aria-selected=\"false\" aria-expanded=\"false\" aria-controls =\"faq210_a\" role=\"tab\" tabindex=\"-1\">Je vstup do detsk\u00e9ho centra \u010dasovo obmedzen\u00fd?<\/div><div class=\"faq_a\" id=\"faq210_a\" aria-labelledby=\"faq210_q\" aria-hidden=\"true\" role=\"tabpanel\"><div class=\"faq_a_content\"><p>Vstup do detsk\u00e9ho centra je po\u010d\u00edtan\u00fd na hodiny. Za prv\u00fa hodinu zaplat\u00edte 2 \u20ac a ka\u017ed\u00e1 \u010fal\u0161ia hodina m\u00e1 zv\u00fdhodnen\u00fa cenu.\u00a0 Odpor\u00fa\u010dam pozrie\u0165 si n\u00e1\u0161 <a href=\"https:\/\/www.detskecentrumroznava.sk\/detskecentrum\/#cennik\">cenn\u00edk na \u00favodnej str\u00e1nke<\/a>, kde n\u00e1jdete zv\u00fdhodnen\u00e9 dopolud\u0148aj\u0161ie vstupy ako aj vstupy pre deti do 1 roka.<\/p>\n<\/div><\/div><\/div><div class=\"faq_item\" id=\"faq469\"><div class=\"faq_q\" id=\"faq469_q\" aria-selected=\"false\" aria-expanded=\"false\" aria-controls =\"faq469_a\" role=\"tab\" tabindex=\"-1\">Pon\u00fakate aj mo\u017enos\u0165 str\u00e1\u017eenia det\u00ed v interi\u00e9rovom ihrisku, ke\u010f si rodi\u010d potrebuje nie\u010do vybavi\u0165 v in\u0161tit\u00faci\u00e1ch, ktor\u00e9 nie s\u00fa ve\u013emi &#8222;baby friendly?&#8220;<\/div><div class=\"faq_a\" id=\"faq469_a\" aria-labelledby=\"faq469_q\" aria-hidden=\"true\" role=\"tabpanel\"><div class=\"faq_a_content\"><p>\u00c1no, vieme\u00a0V\u00e1m t\u00fato slu\u017ebu v na\u0161om detskom centre zabezpe\u010di\u0165. Treba sa v\u0161ak vopred ohl\u00e1si\u0165 a dohodn\u00fa\u0165 konkr\u00e9tny \u010das.<\/p>\n<\/div><\/div><\/div><div class=\"faq_item\" id=\"faq254\"><div class=\"faq_q\" id=\"faq254_q\" aria-selected=\"false\" aria-expanded=\"false\" aria-controls =\"faq254_a\" role=\"tab\" tabindex=\"-1\">Pre ak\u00fa vekov\u00fa kateg\u00f3riu je detsk\u00e9 centrum ur\u010den\u00e9?<\/div><div class=\"faq_a\" id=\"faq254_a\" aria-labelledby=\"faq254_q\" aria-hidden=\"true\" role=\"tabpanel\"><div class=\"faq_a_content\"><p>Pre deti do dvoch rokov m\u00e1me pripraven\u00e9 guli\u010dkov\u00e9 miniihrisko so \u0161m\u00fdkalkou, dom\u010dekom a aut\u00ed\u010dkami. \u0160k\u00f4lkari a \u0161kol\u00e1ci, pribli\u017ene do 12 rokov, sa m\u00f4\u017eu vy\u0161anti\u0165\u00a0v interi\u00e9rovom ihrisku ve\u013ekom 90 m<sup>2<\/sup>. Detsk\u00e9 centrum\u00a0je priestor ur\u010den\u00fd pre vy\u0161antenie mnoh\u00fdch det\u00ed, av\u0161ak v\u017edy musia by\u0165 v sprievode osoby star\u0161ej ako 18 rokov.<\/p>\n<\/div><\/div><\/div><div class=\"faq_item\" id=\"faq255\"><div class=\"faq_q\" id=\"faq255_q\" aria-selected=\"false\" aria-expanded=\"false\" aria-controls =\"faq255_a\" role=\"tab\" tabindex=\"-1\">M\u00f4\u017ee s mal\u00fdmi de\u0165mi vojs\u0165 do Gulidom\u010deka aj rodi\u010d?<\/div><div class=\"faq_a\" id=\"faq255_a\" aria-labelledby=\"faq255_q\" aria-hidden=\"true\" role=\"tabpanel\"><div class=\"faq_a_content\"><p>Gulidom\u010dek s mno\u017estvom cesti\u010diek je pre deti doslova dobrodru\u017en\u00fdm z\u00e1\u017eitkom. V pr\u00edpade, \u017ee je Va\u0161e die\u0165a mal\u00e9\u00a0a potrebuje V\u00e1s pri jeho dobrodru\u017estve, samozrejme je mo\u017en\u00e9 vst\u00fapi\u0165 do priestorov Gulidom\u010deka.<\/p>\n<\/div><\/div><\/div><\/div>\n","protected":false},"excerpt":{"rendered":"","protected":false},"author":1,"featured_media":0,"parent":0,"menu_order":0,"comment_status":"closed","ping_status":"closed","template":"","meta":[],"_links":{"self":[{"href":"https:\/\/www.detskecentrumroznava.sk\/detskecentrum\/wp-json\/wp\/v2\/pages\/207"}],"collection":[{"href":"https:\/\/www.detskecentrumroznava.sk\/detskecentrum\/wp-json\/wp\/v2\/pages"}],"about":[{"href":"https:\/\/www.detskecentrumroznava.sk\/detskecentrum\/wp-json\/wp\/v2\/types\/page"}],"author":[{"embeddable":true,"href":"https:\/\/www.detskecentrumroznava.sk\/detskecentrum\/wp-json\/wp\/v2\/users\/1"}],"replies":[{"embeddable":true,"href":"https:\/\/www.detskecentrumroznava.sk\/detskecentrum\/wp-json\/wp\/v2\/comments?post=207"}],"version-history":[{"count":3,"href":"https:\/\/www.detskecentrumroznava.sk\/detskecentrum\/wp-json\/wp\/v2\/pages\/207\/revisions"}],"predecessor-version":[{"id":212,"href":"https:\/\/www.detskecentrumroznava.sk\/detskecentrum\/wp-json\/wp\/v2\/pages\/207\/revisions\/212"}],"wp:attachment":[{"href":"https:\/\/www.detskecentrumroznava.sk\/detskecentrum\/wp-json\/wp\/v2\/media?parent=207"}],"curies":[{"name":"wp","href":"https:\/\/api.w.org\/{rel}","templated":true}]}}