{"id":297,"date":"2016-09-29T00:14:41","date_gmt":"2016-09-28T22:14:41","guid":{"rendered":"http:\/\/www.detskecentrumroznava.sk\/detskecentrum\/?page_id=297"},"modified":"2025-12-31T20:43:52","modified_gmt":"2025-12-31T19:43:52","slug":"clupko","status":"publish","type":"page","link":"https:\/\/www.detskecentrumroznava.sk\/detskecentrum\/clupko\/","title":{"rendered":"\u010c\u013eupko"},"content":{"rendered":"<p><img decoding=\"async\" class=\"alignright wp-image-101\" style=\"width: 60%; min-width: 300px;\" src=\"https:\/\/www.detskecentrumroznava.sk\/detskecentrum\/wp-content\/uploads\/2016\/06\/plavanie_1a.png\" \/><\/p>\n<p>Mami, oci, \u010c\u013eupko \u010dak\u00e1,<br \/>\ntepl\u00e1 voda zas ma l\u00e1ka.<br \/>\nPrsia, kraul aj znak,<br \/>\nu\u017e som plavec, je to tak!<br \/>\nMali\u010dk\u00fdch aj najmen\u0161\u00edch,<br \/>\n\u010c\u013eupko pl\u00e1va\u0165 nau\u010d\u00ed.<\/p>\n<p><img decoding=\"async\" loading=\"lazy\" class=\"alignnone wp-image-90\" src=\"https:\/\/www.detskecentrumroznava.sk\/detskecentrum\/wp-content\/uploads\/2016\/06\/rybicka_3.png\" alt=\"rybicka_3\" width=\"104\" height=\"154\" \/><\/p>\n<p>V interi\u00e9rovom baz\u00e9ne \u010c\u013eupko si na lekci\u00e1ch pl\u00e1vania n\u00e1jdu za\u013e\u00fabenie <strong>doj\u010dat\u00e1 od 4 mesiacov<\/strong>, a\u017e po star\u0161ie <strong>deti do 10 rokov<\/strong>.<br \/>\nBaz\u00e9n je ur\u010den\u00fd pre plavcov, aj pre bud\u00facich n\u00e1dejn\u00fdch plavcov. Pre nich organizujeme <strong>lekcie pl\u00e1vania<\/strong> v pr\u00edjemnej 32 stup\u0148ovej vode.<br \/>\nN\u00e1\u0161 \u010c\u013eupko m\u00e1 ide\u00e1lne rozmery: d\u013a\u017eka 10 metrov, h\u013abka 1,20 m, \u0161\u00edrka 3 &#8211; 5 m (baz\u00e9n nem\u00e1 pravideln\u00fd obd\u013a\u017enikov\u00fd tvar).<br \/>\nOkrem organizovan\u00fdch lekci\u00ed pl\u00e1vania pon\u00faka \u010c\u013eupko <strong>k\u00fapanie aj \u0161irokej verejnosti<\/strong>. Nemus\u00edte ma\u0165 obavy, ak nem\u00e1te die\u0165a a chcete si pr\u00eds\u0165 zapl\u00e1va\u0165. <strong>\u010c\u013eupko je pr\u00edstupn\u00fd \u0161irokej verejnosti, \u010di u\u017e s de\u0165mi, alebo bez det\u00ed.<\/strong><\/p>\n<p><strong>K\u00fapacia \u010diapka nie je povinn\u00e1, k\u00fapacie plienky pre bato\u013eat\u00e1 \u00e1no<\/strong>. Plienku pre va\u0161e b\u00e1b\u00e4tko m\u00f4\u017eete<strong> k\u00fapi\u0165 priamo na na\u0161ej recepcii.<\/strong><\/p>\n<p>Pre maxim\u00e1lny komfort v zime aj v lete, chyst\u00e1me v\u00fdstavbu aj vonkaj\u0161ieho plaveck\u00e9ho baz\u00e9na.<\/p>\n<h2>Cenn\u00edk vstupov do baz\u00e9na &#8211; pl\u00e1vanie pre verejnos\u0165<\/h2>\n<div style=\"display: table; margin-bottom: 20px; width: 100%; border: 1px solid #000000;\">\n<div style=\"display: table-row; padding-bottom: 20px;\">\n<div class=\"tabulka_bunka\" style=\"display: table-cell; padding-right: 22px; border-bottom: 1px solid #000000; width: 33%;\"><\/div>\n<div class=\"tabulka_bunka\" style=\"display: table-cell; padding-right: 22px; border-bottom: 1px solid #000000; width: 33%; font-weight: bold;\">Vstup do baz\u00e9na<br \/>\nna 1 hodinu *<br \/>\nod 9:00 do 19:00 hod.<\/div>\n<div class=\"tabulka_bunka\" style=\"display: table-cell; padding-right: 22px; border-bottom: 1px solid #000000; width: 33%; font-weight: bold;\">Vstup do baz\u00e9na a sauny<br \/>\nna 2 hodiny **<br \/>\nod 9:00 do 19:00 hod.<\/div>\n<\/div>\n<div style=\"display: table-row; padding-bottom: 20px;\">\n<div class=\"tabulka_bunka\" style=\"display: table-cell; padding-right: 22px; border-bottom: 1px solid #000000; width: 33%; font-weight: bold;\">Deti do 15 rokov<\/div>\n<div class=\"tabulka_bunka\" style=\"display: table-cell; padding-right: 22px; border-bottom: 1px solid #000000; width: 33%;\">4,00 \u20ac<\/div>\n<div class=\"tabulka_bunka\" style=\"display: table-cell; padding-right: 22px; border-bottom: 1px solid #000000; width: 33%;\">10,00 \u20ac<\/div>\n<\/div>\n<div style=\"display: table-row; padding-bottom: 20px;\">\n<div class=\"tabulka_bunka\" style=\"display: table-cell; padding-right: 22px; border-bottom: 1px solid #000000; width: 33%; font-weight: bold;\">Dospel\u00ed a deti nad 15 rokov<\/div>\n<div class=\"tabulka_bunka\" style=\"display: table-cell; padding-right: 22px; border-bottom: 1px solid #000000; width: 33%;\">6,00 \u20ac<\/div>\n<div class=\"tabulka_bunka\" style=\"display: table-cell; padding-right: 22px; border-bottom: 1px solid #000000; width: 33%;\">14,00 \u20ac<\/div>\n<\/div>\n<\/div>\n<p>* Pre v\u00fdpo\u010det ceny sa po\u010d\u00edta ka\u017ed\u00e1 za\u010dat\u00e1 hodina + 20 min\u00fat (na prezle\u010denie), ktor\u00fa str\u00e1vite v baz\u00e9ne. Ak napr\u00edklad str\u00e1vite v baz\u00e9ne 1 hodinu 25 min\u00fat, plat\u00ed sa za dve hodiny.<br \/>\n** Ak chcete vyu\u017ei\u0165 <strong>saunu, mus\u00edte sa vopred objedna\u0165<\/strong> na tel. \u010d\u00edsle 0911 735 795. Pre v\u00fdpo\u010det ceny sa po\u010d\u00edta ka\u017ed\u00e1 za\u010dat\u00e1 2-hodina, ktor\u00fa str\u00e1vite v baz\u00e9ne. Ak napr\u00edklad str\u00e1vite v baz\u00e9ne a saune 2 hodiny 25 min\u00fat, plat\u00ed sa za \u0161tyri hodiny.<\/p>\n<h2>\u010casov\u00fd harmonogram pre baz\u00e9n<\/h2>\n<p>V \u010dasoch vyhraden\u00fdch pre <strong>Kurzy pl\u00e1vania je baz\u00e9n pre verejnos\u0165 nepr\u00edstupn\u00fd<\/strong>. \u010casy pre kurzy pl\u00e1vania si m\u00f4\u017eete overi\u0165 telefonicky na 0911 735 795. Po\u010das letn\u00fdch pr\u00e1zdnin kurzy neprebiehaj\u00fa. \u010casy kurzov zverejn\u00edme v aktu\u00e1lnom mesiaci.<br \/>\n<a name=\"kurzy\"><\/a><\/p>\n<p style=\"font-size: 24px; color: #a30a11;\"><strong>V ponuke m\u00e1me kurzy pl\u00e1vania s certifikovan\u00fdm in\u0161truktorom pre deti od 4 mesiacov do 10 rokov.<\/strong><\/p>\n<p>Kurz m\u00e1 p\u00e4\u0165 alebo desa\u0165 45-min\u00fatov\u00fdch lekci\u00ed.<\/p>\n<p><strong>Cena kurzu je 80,- \u20ac\/ 5 hod\u00edn alebo 160,- \u20ac\/ 10 hod\u00edn.<\/strong><\/p>\n<p>V kurze je maxim\u00e1lne 6 deti\u010diek a vekov\u00e1 odch\u00fdlka najmen\u0161\u00edch det\u00ed je maxim\u00e1lne 3 mesiace.<\/p>\n<h2>Term\u00edny za\u010diatkov najbli\u017e\u0161\u00edch kurzov pl\u00e1vania pre doj\u010dat\u00e1 a bato\u013eat\u00e1<\/h2>\n<p>Najbli\u017e\u0161\u00ed kurz pl\u00e1vania otvor\u00edme po prihl\u00e1sen\u00ed dostato\u010dn\u00e9ho po\u010dtu uch\u00e1dza\u010dov.<\/p>\n<p style=\"background: #a30a11; padding: 10px; color: #fff;\"><strong>Prihlasovanie na kurz pl\u00e1vania\u00a0<\/strong><\/p>\n<p><a name=\"prihlaska\"><\/a><\/p>\n<p><strong>V pr\u00edpade, \u017ee m\u00e1te z\u00e1ujem prihl\u00e1si\u0165 svoje die\u0165a na kurz pl\u00e1vania, postupujte pros\u00edm nasledovne:<\/strong><\/p>\n<ol>\n<li>Stiahnite si prihl\u00e1\u0161ku v pdf form\u00e1te do V\u00e1\u0161ho po\u010d\u00edta\u010da. (<a href=\"https:\/\/www.detskecentrumroznava.sk\/detskecentrum\/wp-content\/uploads\/2022\/01\/prihlaska_kurzplavania_edit.pdf\" target=\"_blank\" rel=\"noopener\">Stiahnu\u0165 prihl\u00e1\u0161ku<\/a>)<\/li>\n<li>Vypl\u0148te prihl\u00e1\u0161ku &#8211; po stiahnut\u00ed sa to d\u00e1 aj v po\u010d\u00edta\u010di, nemus\u00edte vypisova\u0165 rukou.<\/li>\n<li>Po vyplnen\u00ed po\u0161lite prihl\u00e1\u0161ku mailom na dcroznava@gmail.com<\/li>\n<\/ol>\n<p><strong>Po prijat\u00ed prihl\u00e1\u0161ky v\u00e1s budeme \u010doskoro kontaktova\u0165 pre bli\u017e\u0161ie inform\u00e1cie.<\/strong> Pred za\u010dat\u00edm kurzu sa uskuto\u010dn\u00ed informa\u010dn\u00e9 stretnutie, kde v\u00e1m podrobne vysvetl\u00edme z\u00e1sady kurzu a v\u0161etky potrebn\u00e9 z\u00e1le\u017eitosti (lek\u00e1rske potvrdenie, zmluva, \u010destn\u00e9 prehl\u00e1senie, &#8230;).<\/p>\n<p style=\"font-size: 24px; color: #a30a11;\"><strong>Pon\u00fakame tie\u017e individu\u00e1lne kurzy pl\u00e1vania pre dospel\u00fdch.<\/strong><\/p>\n<p>45 min\u00fat pl\u00e1vania s certifikovan\u00fdm in\u0161truktorom u n\u00e1s stoj\u00ed 30,- \u20ac.<\/p>\n<h2>PREN\u00c1JOM BAZ\u00c9NA<\/h2>\n<p>Ak chcete ma\u0165 baz\u00e9n, pr\u00edpadne aj saunu len pre seba (\u010di u\u017e ste s\u00e1m alebo ste v\u00e4\u010d\u0161ia skupina), pon\u00fakame v\u00e1m mo\u017enos\u0165 pren\u00e1jmu za nasledovn\u00e9 ceny:<\/p>\n<p><strong>Pren\u00e1jom baz\u00e9na:<\/strong> 30,- \u20ac \/ hodina<\/p>\n<p><strong>Pren\u00e1jom baz\u00e9na + sauna:<\/strong> 55- \u20ac \/ hodina<\/p>\n","protected":false},"excerpt":{"rendered":"<p>Mami, oci, \u010c\u013eupko \u010dak\u00e1, tepl\u00e1 voda zas ma l\u00e1ka. Prsia, kraul aj znak, u\u017e som plavec, je to tak! Mali\u010dk\u00fdch aj najmen\u0161\u00edch, \u010c\u013eupko pl\u00e1va\u0165 nau\u010d\u00ed. V interi\u00e9rovom baz\u00e9ne \u010c\u013eupko si na lekci\u00e1ch pl\u00e1vania n\u00e1jdu za\u013e\u00fabenie doj\u010dat\u00e1 od 4 mesiacov, a\u017e po star\u0161ie deti do 10 rokov. Baz\u00e9n je ur\u010den\u00fd pre plavcov, aj pre bud\u00facich n\u00e1dejn\u00fdch [&hellip;]<\/p>\n","protected":false},"author":1,"featured_media":0,"parent":0,"menu_order":0,"comment_status":"closed","ping_status":"closed","template":"","meta":[],"_links":{"self":[{"href":"https:\/\/www.detskecentrumroznava.sk\/detskecentrum\/wp-json\/wp\/v2\/pages\/297"}],"collection":[{"href":"https:\/\/www.detskecentrumroznava.sk\/detskecentrum\/wp-json\/wp\/v2\/pages"}],"about":[{"href":"https:\/\/www.detskecentrumroznava.sk\/detskecentrum\/wp-json\/wp\/v2\/types\/page"}],"author":[{"embeddable":true,"href":"https:\/\/www.detskecentrumroznava.sk\/detskecentrum\/wp-json\/wp\/v2\/users\/1"}],"replies":[{"embeddable":true,"href":"https:\/\/www.detskecentrumroznava.sk\/detskecentrum\/wp-json\/wp\/v2\/comments?post=297"}],"version-history":[{"count":101,"href":"https:\/\/www.detskecentrumroznava.sk\/detskecentrum\/wp-json\/wp\/v2\/pages\/297\/revisions"}],"predecessor-version":[{"id":1245,"href":"https:\/\/www.detskecentrumroznava.sk\/detskecentrum\/wp-json\/wp\/v2\/pages\/297\/revisions\/1245"}],"wp:attachment":[{"href":"https:\/\/www.detskecentrumroznava.sk\/detskecentrum\/wp-json\/wp\/v2\/media?parent=297"}],"curies":[{"name":"wp","href":"https:\/\/api.w.org\/{rel}","templated":true}]}}